{"id":2003,"date":"2016-10-19T13:29:12","date_gmt":"2016-10-19T13:29:12","guid":{"rendered":"http:\/\/www.divasrl.net\/?page_id=2003"},"modified":"2018-05-25T14:45:53","modified_gmt":"2018-05-25T12:45:53","slug":"home","status":"publish","type":"page","link":"https:\/\/divasrl.net\/de\/","title":{"rendered":"Diva Srl"},"content":{"rendered":"<p>\u00a0 Das Team &#8220;Natur ist Sch\u00f6nheit und durch die st\u00e4ndige Auswahl neuer Artikel versuchen wir Harmonie und Wunder zu erleben, die sie uns bietet&#8221; \u00a0 Langj\u00e4hrige Erfahrung auf dem Gebiet der k\u00fcndtlichen Pflanzen und Blumen haben uns erm\u00f6glich unsere Managementf\u00e4h <a href=\"https:\/\/divasrl.net\/de\/\" title=\"Read more on Diva Srl\" class=\"more-link\">read more<\/a><\/p>\n","protected":false},"excerpt":{"rendered":"<p>\u00a0 Das Team &#8220;Natur ist Sch\u00f6nheit und durch die st\u00e4ndige Auswahl neuer Artikel versuchen wir Harmonie und Wunder zu erleben, die sie uns bietet&#8221; \u00a0 Langj\u00e4hrige Erfahrung auf dem Gebiet der k\u00fcndtlichen Pflanzen und Blumen haben uns erm\u00f6glich unsere Managementf\u00e4h read more<\/p>\n","protected":false},"author":5,"featured_media":0,"parent":0,"menu_order":0,"comment_status":"closed","ping_status":"closed","template":"","meta":{"_mo_disable_npp":""},"aioseo_notices":[],"_links":{"self":[{"href":"https:\/\/divasrl.net\/de\/wp-json\/wp\/v2\/pages\/2003\/"}],"collection":[{"href":"https:\/\/divasrl.net\/de\/wp-json\/wp\/v2\/pages\/"}],"about":[{"href":"https:\/\/divasrl.net\/de\/wp-json\/wp\/v2\/types\/page\/"}],"author":[{"embeddable":true,"href":"https:\/\/divasrl.net\/de\/wp-json\/wp\/v2\/users\/5\/"}],"replies":[{"embeddable":true,"href":"https:\/\/divasrl.net\/de\/wp-json\/wp\/v2\/comments\/?post=2003"}],"version-history":[{"count":15,"href":"https:\/\/divasrl.net\/de\/wp-json\/wp\/v2\/pages\/2003\/revisions\/"}],"predecessor-version":[{"id":2548,"href":"https:\/\/divasrl.net\/de\/wp-json\/wp\/v2\/pages\/2003\/revisions\/2548\/"}],"wp:attachment":[{"href":"https:\/\/divasrl.net\/de\/wp-json\/wp\/v2\/media\/?parent=2003"}],"curies":[{"name":"wp","href":"https:\/\/api.w.org\/{rel}","templated":true}]}}