{"id":2229,"date":"2018-01-02T12:56:31","date_gmt":"2018-01-02T11:56:31","guid":{"rendered":"http:\/\/www.divasrl.net\/showroom\/"},"modified":"2018-03-24T17:19:58","modified_gmt":"2018-03-24T16:19:58","slug":"werkstatt","status":"publish","type":"page","link":"https:\/\/divasrl.net\/de\/werkstatt\/","title":{"rendered":"Werkstatt"},"content":{"rendered":"<p>Werkstatt Diva seit 2012 richtet sich direkt und ausschlie\u00dflich an die italienische Gr\u00f6\u00dfh\u00e4ndler. Das Unternehmen mit seinen k\u00fcnstlichen Blumen und Pflanzen bietet eine gro\u00dfe Auswahl an Zubeh\u00f6r, Weihnachts- Herbt und Feder-Artikeln.Danke an seinen Show-room gibt Diva sei <a href=\"https:\/\/divasrl.net\/de\/werkstatt\/\" title=\"Read more on Werkstatt\" class=\"more-link\">read more<\/a><\/p>\n","protected":false},"excerpt":{"rendered":"<p>Werkstatt Diva seit 2012 richtet sich direkt und ausschlie\u00dflich an die italienische Gr\u00f6\u00dfh\u00e4ndler. Das Unternehmen mit seinen k\u00fcnstlichen Blumen und Pflanzen bietet eine gro\u00dfe Auswahl an Zubeh\u00f6r, Weihnachts- Herbt und Feder-Artikeln.Danke an seinen Show-room gibt Diva sei read more<\/p>\n","protected":false},"author":5,"featured_media":0,"parent":0,"menu_order":0,"comment_status":"closed","ping_status":"closed","template":"","meta":{"_mo_disable_npp":""},"aioseo_notices":[],"_links":{"self":[{"href":"https:\/\/divasrl.net\/de\/wp-json\/wp\/v2\/pages\/2229\/"}],"collection":[{"href":"https:\/\/divasrl.net\/de\/wp-json\/wp\/v2\/pages\/"}],"about":[{"href":"https:\/\/divasrl.net\/de\/wp-json\/wp\/v2\/types\/page\/"}],"author":[{"embeddable":true,"href":"https:\/\/divasrl.net\/de\/wp-json\/wp\/v2\/users\/5\/"}],"replies":[{"embeddable":true,"href":"https:\/\/divasrl.net\/de\/wp-json\/wp\/v2\/comments\/?post=2229"}],"version-history":[{"count":4,"href":"https:\/\/divasrl.net\/de\/wp-json\/wp\/v2\/pages\/2229\/revisions\/"}],"predecessor-version":[{"id":2343,"href":"https:\/\/divasrl.net\/de\/wp-json\/wp\/v2\/pages\/2229\/revisions\/2343\/"}],"wp:attachment":[{"href":"https:\/\/divasrl.net\/de\/wp-json\/wp\/v2\/media\/?parent=2229"}],"curies":[{"name":"wp","href":"https:\/\/api.w.org\/{rel}","templated":true}]}}