{"id":2234,"date":"2018-01-02T12:56:41","date_gmt":"2018-01-02T11:56:41","guid":{"rendered":"http:\/\/www.divasrl.net\/il-team\/"},"modified":"2018-03-24T17:22:24","modified_gmt":"2018-03-24T16:22:24","slug":"das-team","status":"publish","type":"page","link":"https:\/\/divasrl.net\/de\/das-team\/","title":{"rendered":"Das Team"},"content":{"rendered":"<p>Das Team &#8220;Natur ist Sch\u00f6nheit und durch die st\u00e4ndige Auswahl neuer Artikel versuchen wir Harmonie und Wunder zu erleben, die sie uns bietet&#8221; Langj\u00e4hrige Erfahrung auf dem Gebiet der k\u00fcndtlichen Pflanzen und Blumen haben uns erm\u00f6glich unsere Managementf\u00e4higke <a href=\"https:\/\/divasrl.net\/de\/das-team\/\" title=\"Read more on Das Team\" class=\"more-link\">read more<\/a><\/p>\n","protected":false},"excerpt":{"rendered":"<p>Das Team &#8220;Natur ist Sch\u00f6nheit und durch die st\u00e4ndige Auswahl neuer Artikel versuchen wir Harmonie und Wunder zu erleben, die sie uns bietet&#8221; Langj\u00e4hrige Erfahrung auf dem Gebiet der k\u00fcndtlichen Pflanzen und Blumen haben uns erm\u00f6glich unsere Managementf\u00e4higke read more<\/p>\n","protected":false},"author":5,"featured_media":0,"parent":0,"menu_order":0,"comment_status":"closed","ping_status":"closed","template":"","meta":{"_mo_disable_npp":""},"aioseo_notices":[],"_links":{"self":[{"href":"https:\/\/divasrl.net\/de\/wp-json\/wp\/v2\/pages\/2234\/"}],"collection":[{"href":"https:\/\/divasrl.net\/de\/wp-json\/wp\/v2\/pages\/"}],"about":[{"href":"https:\/\/divasrl.net\/de\/wp-json\/wp\/v2\/types\/page\/"}],"author":[{"embeddable":true,"href":"https:\/\/divasrl.net\/de\/wp-json\/wp\/v2\/users\/5\/"}],"replies":[{"embeddable":true,"href":"https:\/\/divasrl.net\/de\/wp-json\/wp\/v2\/comments\/?post=2234"}],"version-history":[{"count":4,"href":"https:\/\/divasrl.net\/de\/wp-json\/wp\/v2\/pages\/2234\/revisions\/"}],"predecessor-version":[{"id":2344,"href":"https:\/\/divasrl.net\/de\/wp-json\/wp\/v2\/pages\/2234\/revisions\/2344\/"}],"wp:attachment":[{"href":"https:\/\/divasrl.net\/de\/wp-json\/wp\/v2\/media\/?parent=2234"}],"curies":[{"name":"wp","href":"https:\/\/api.w.org\/{rel}","templated":true}]}}