{"id":1968,"date":"2016-10-19T13:29:12","date_gmt":"2016-10-19T13:29:12","guid":{"rendered":"http:\/\/www.divasrl.net\/?page_id=1968"},"modified":"2018-05-25T14:46:14","modified_gmt":"2018-05-25T12:46:14","slug":"home","status":"publish","type":"page","link":"https:\/\/divasrl.net\/es\/","title":{"rendered":"Diva Srl"},"content":{"rendered":"<p>\u00a0 El Equipo \u201cLa naturaleza es belleza y a trav\u00e9s de la selecci\u00f2n constante de nuevos productos intentamos reproducir la armonia y las maravillas que \u00e9sta nos ofrece.\u201d \u00a0 A\u00f1os de experiencia en el sector \u201cflores y plantas artificiales\u201d nos han permitido desarrollar, ampli <a href=\"https:\/\/divasrl.net\/es\/\" title=\"Read more on Diva Srl\" class=\"more-link\">read more<\/a><\/p>\n","protected":false},"excerpt":{"rendered":"<p>\u00a0 El Equipo \u201cLa naturaleza es belleza y a trav\u00e9s de la selecci\u00f2n constante de nuevos productos intentamos reproducir la armonia y las maravillas que \u00e9sta nos ofrece.\u201d \u00a0 A\u00f1os de experiencia en el sector \u201cflores y plantas artificiales\u201d nos han permitido desarrollar, ampli read more<\/p>\n","protected":false},"author":5,"featured_media":0,"parent":0,"menu_order":0,"comment_status":"closed","ping_status":"closed","template":"","meta":{"_mo_disable_npp":""},"aioseo_notices":[],"_links":{"self":[{"href":"https:\/\/divasrl.net\/es\/wp-json\/wp\/v2\/pages\/1968\/"}],"collection":[{"href":"https:\/\/divasrl.net\/es\/wp-json\/wp\/v2\/pages\/"}],"about":[{"href":"https:\/\/divasrl.net\/es\/wp-json\/wp\/v2\/types\/page\/"}],"author":[{"embeddable":true,"href":"https:\/\/divasrl.net\/es\/wp-json\/wp\/v2\/users\/5\/"}],"replies":[{"embeddable":true,"href":"https:\/\/divasrl.net\/es\/wp-json\/wp\/v2\/comments\/?post=1968"}],"version-history":[{"count":23,"href":"https:\/\/divasrl.net\/es\/wp-json\/wp\/v2\/pages\/1968\/revisions\/"}],"predecessor-version":[{"id":2549,"href":"https:\/\/divasrl.net\/es\/wp-json\/wp\/v2\/pages\/1968\/revisions\/2549\/"}],"wp:attachment":[{"href":"https:\/\/divasrl.net\/es\/wp-json\/wp\/v2\/media\/?parent=1968"}],"curies":[{"name":"wp","href":"https:\/\/api.w.org\/{rel}","templated":true}]}}