{"id":2038,"date":"2018-01-02T12:56:41","date_gmt":"2018-01-02T11:56:41","guid":{"rendered":"http:\/\/www.divasrl.net\/?page_id=2038"},"modified":"2018-03-24T16:51:40","modified_gmt":"2018-03-24T15:51:40","slug":"el-equipo","status":"publish","type":"page","link":"https:\/\/divasrl.net\/es\/el-equipo\/","title":{"rendered":"El Equipo"},"content":{"rendered":"<p>\u201cLA NATURALEZA ES BELLEZA Y A TRAV\u00c9S DE LA SELECCI\u00d3N CONSTANTE DE NUEVOS PRODUCTOS INTENTAMOS REPRODUCIR LA ARMONIA Y LAS MARAVILLAS QUE \u00c9STA NOS OFRECE.\u201d A\u00f1os de experiencia en el sector \u201cflores y plantas artificiales\u201d nos han permitido desarrollar, ampliar y solidific <a href=\"https:\/\/divasrl.net\/es\/el-equipo\/\" title=\"Read more on El Equipo\" class=\"more-link\">read more<\/a><\/p>\n","protected":false},"excerpt":{"rendered":"<p>\u201cLA NATURALEZA ES BELLEZA Y A TRAV\u00c9S DE LA SELECCI\u00d3N CONSTANTE DE NUEVOS PRODUCTOS INTENTAMOS REPRODUCIR LA ARMONIA Y LAS MARAVILLAS QUE \u00c9STA NOS OFRECE.\u201d A\u00f1os de experiencia en el sector \u201cflores y plantas artificiales\u201d nos han permitido desarrollar, ampliar y solidific read more<\/p>\n","protected":false},"author":5,"featured_media":0,"parent":0,"menu_order":0,"comment_status":"closed","ping_status":"closed","template":"","meta":{"_mo_disable_npp":""},"aioseo_notices":[],"_links":{"self":[{"href":"https:\/\/divasrl.net\/es\/wp-json\/wp\/v2\/pages\/2038\/"}],"collection":[{"href":"https:\/\/divasrl.net\/es\/wp-json\/wp\/v2\/pages\/"}],"about":[{"href":"https:\/\/divasrl.net\/es\/wp-json\/wp\/v2\/types\/page\/"}],"author":[{"embeddable":true,"href":"https:\/\/divasrl.net\/es\/wp-json\/wp\/v2\/users\/5\/"}],"replies":[{"embeddable":true,"href":"https:\/\/divasrl.net\/es\/wp-json\/wp\/v2\/comments\/?post=2038"}],"version-history":[{"count":8,"href":"https:\/\/divasrl.net\/es\/wp-json\/wp\/v2\/pages\/2038\/revisions\/"}],"predecessor-version":[{"id":2452,"href":"https:\/\/divasrl.net\/es\/wp-json\/wp\/v2\/pages\/2038\/revisions\/2452\/"}],"wp:attachment":[{"href":"https:\/\/divasrl.net\/es\/wp-json\/wp\/v2\/media\/?parent=2038"}],"curies":[{"name":"wp","href":"https:\/\/api.w.org\/{rel}","templated":true}]}}