{"id":2050,"date":"2018-01-02T12:56:31","date_gmt":"2018-01-02T11:56:31","guid":{"rendered":"http:\/\/www.divasrl.net\/showroom\/"},"modified":"2018-03-24T16:53:46","modified_gmt":"2018-03-24T15:53:46","slug":"sala-de-exposicion","status":"publish","type":"page","link":"https:\/\/divasrl.net\/es\/sala-de-exposicion\/","title":{"rendered":"Sala de exposici\u00f3n"},"content":{"rendered":"<p>Nacida en el 2012, Diva es una empresa que se dedica exclusivamente a la venta al por mayor en Italia. Propone colecciones de flores y plantas artificiales ofreciendo una amplia gama de accesorios decorativos y art\u00edculos navide\u00f1os, oto\u00f1ales y primaveriles. Gracias a su  <a href=\"https:\/\/divasrl.net\/es\/sala-de-exposicion\/\" title=\"Read more on Sala de exposici\u00f3n\" class=\"more-link\">read more<\/a><\/p>\n","protected":false},"excerpt":{"rendered":"<p>Nacida en el 2012, Diva es una empresa que se dedica exclusivamente a la venta al por mayor en Italia. Propone colecciones de flores y plantas artificiales ofreciendo una amplia gama de accesorios decorativos y art\u00edculos navide\u00f1os, oto\u00f1ales y primaveriles. Gracias a su read more<\/p>\n","protected":false},"author":5,"featured_media":0,"parent":0,"menu_order":0,"comment_status":"closed","ping_status":"closed","template":"","meta":{"_mo_disable_npp":""},"aioseo_notices":[],"_links":{"self":[{"href":"https:\/\/divasrl.net\/es\/wp-json\/wp\/v2\/pages\/2050\/"}],"collection":[{"href":"https:\/\/divasrl.net\/es\/wp-json\/wp\/v2\/pages\/"}],"about":[{"href":"https:\/\/divasrl.net\/es\/wp-json\/wp\/v2\/types\/page\/"}],"author":[{"embeddable":true,"href":"https:\/\/divasrl.net\/es\/wp-json\/wp\/v2\/users\/5\/"}],"replies":[{"embeddable":true,"href":"https:\/\/divasrl.net\/es\/wp-json\/wp\/v2\/comments\/?post=2050"}],"version-history":[{"count":5,"href":"https:\/\/divasrl.net\/es\/wp-json\/wp\/v2\/pages\/2050\/revisions\/"}],"predecessor-version":[{"id":2446,"href":"https:\/\/divasrl.net\/es\/wp-json\/wp\/v2\/pages\/2050\/revisions\/2446\/"}],"wp:attachment":[{"href":"https:\/\/divasrl.net\/es\/wp-json\/wp\/v2\/media\/?parent=2050"}],"curies":[{"name":"wp","href":"https:\/\/api.w.org\/{rel}","templated":true}]}}