{"id":2060,"date":"2018-01-02T12:56:31","date_gmt":"2018-01-02T11:56:31","guid":{"rendered":"http:\/\/www.divasrl.net\/?page_id=2060"},"modified":"2018-03-24T17:17:32","modified_gmt":"2018-03-24T16:17:32","slug":"showroom","status":"publish","type":"page","link":"https:\/\/divasrl.net\/fr\/showroom\/","title":{"rendered":"Showroom"},"content":{"rendered":"<p>&nbsp; Fond\u00e9e en 2012, Diva est une entreprise qui s&#8217;adresse directement et exclusivement aux grossistes dans toute l&#8217;Italie. Il propose des collections de fleurs artificielles et de plantes offrant une large s\u00e9lection d&#8217;accessoires et de pi\u00e8ces de No\u00eb <a href=\"https:\/\/divasrl.net\/fr\/showroom\/\" title=\"Read more on Showroom\" class=\"more-link\">read more<\/a><\/p>\n","protected":false},"excerpt":{"rendered":"<p>&nbsp; Fond\u00e9e en 2012, Diva est une entreprise qui s&#8217;adresse directement et exclusivement aux grossistes dans toute l&#8217;Italie. Il propose des collections de fleurs artificielles et de plantes offrant une large s\u00e9lection d&#8217;accessoires et de pi\u00e8ces de No\u00eb read more<\/p>\n","protected":false},"author":5,"featured_media":0,"parent":0,"menu_order":0,"comment_status":"closed","ping_status":"closed","template":"","meta":{"_mo_disable_npp":""},"aioseo_notices":[],"_links":{"self":[{"href":"https:\/\/divasrl.net\/fr\/wp-json\/wp\/v2\/pages\/2060\/"}],"collection":[{"href":"https:\/\/divasrl.net\/fr\/wp-json\/wp\/v2\/pages\/"}],"about":[{"href":"https:\/\/divasrl.net\/fr\/wp-json\/wp\/v2\/types\/page\/"}],"author":[{"embeddable":true,"href":"https:\/\/divasrl.net\/fr\/wp-json\/wp\/v2\/users\/5\/"}],"replies":[{"embeddable":true,"href":"https:\/\/divasrl.net\/fr\/wp-json\/wp\/v2\/comments\/?post=2060"}],"version-history":[{"count":8,"href":"https:\/\/divasrl.net\/fr\/wp-json\/wp\/v2\/pages\/2060\/revisions\/"}],"predecessor-version":[{"id":2480,"href":"https:\/\/divasrl.net\/fr\/wp-json\/wp\/v2\/pages\/2060\/revisions\/2480\/"}],"wp:attachment":[{"href":"https:\/\/divasrl.net\/fr\/wp-json\/wp\/v2\/media\/?parent=2060"}],"curies":[{"name":"wp","href":"https:\/\/api.w.org\/{rel}","templated":true}]}}